{"id":38,"date":"2024-03-01T14:51:17","date_gmt":"2024-03-01T13:51:17","guid":{"rendered":"https:\/\/mariawieczorek.com\/oferta\/?page_id=38"},"modified":"2024-03-02T12:54:52","modified_gmt":"2024-03-02T11:54:52","slug":"realizacja","status":"publish","type":"page","link":"https:\/\/mariawieczorek.com\/wspolpraca\/realizacja\/","title":{"rendered":"Realizacja"},"content":{"rendered":"<p>[et_pb_section fb_built=&#8221;1&#8243; fullwidth=&#8221;on&#8221; _builder_version=&#8221;4.24.1&#8243; _module_preset=&#8221;default&#8221; global_colors_info=&#8221;{}&#8221;][et_pb_fullwidth_image src=&#8221;https:\/\/mariawieczorek.com\/wspolpraca\/wp-content\/uploads\/2024\/03\/baner.png&#8221; title_text=&#8221;baner&#8221; _builder_version=&#8221;4.24.1&#8243; _module_preset=&#8221;default&#8221; global_colors_info=&#8221;{}&#8221;][\/et_pb_fullwidth_image][\/et_pb_section][et_pb_section fb_built=&#8221;1&#8243; _builder_version=&#8221;4.24.1&#8243; _module_preset=&#8221;default&#8221; custom_padding=&#8221;||1px|||&#8221; global_colors_info=&#8221;{}&#8221;][et_pb_row _builder_version=&#8221;4.24.1&#8243; _module_preset=&#8221;default&#8221; global_colors_info=&#8221;{}&#8221;][et_pb_column type=&#8221;4_4&#8243; _builder_version=&#8221;4.24.1&#8243; _module_preset=&#8221;default&#8221; global_colors_info=&#8221;{}&#8221;][et_pb_image src=&#8221;https:\/\/mariawieczorek.com\/wspolpraca\/wp-content\/uploads\/2024\/03\/badge.svg&#8221; title_text=&#8221;badge&#8221; _builder_version=&#8221;4.24.1&#8243; _module_preset=&#8221;default&#8221; custom_margin=&#8221;-129px||||false|false&#8221; custom_css_main_element=&#8221; display: block;||  width: 100px;||  height: 100px;||  margin-top: -50px;||  object-fit: cover;||  border-radius: 50%;&#8221; global_colors_info=&#8221;{}&#8221;][\/et_pb_image][et_pb_text _builder_version=&#8221;4.24.1&#8243; _module_preset=&#8221;default&#8221; text_font=&#8221;Montserrat|100|||||||&#8221; text_font_size=&#8221;23px&#8221; header_font=&#8221;Montserrat|300|||||||&#8221; header_font_size=&#8221;40px&#8221; hover_enabled=&#8221;0&#8243; global_colors_info=&#8221;{}&#8221; content_last_edited=&#8221;on|phone&#8221; sticky_enabled=&#8221;0&#8243; content_phone=&#8221;<\/p>\n<h1 style=%22text-align: center;%22>REALIZACJA<\/h1>\n<p>&#8221; content_tablet=&#8221;<\/p>\n<h1>REALIZACJA<\/h1>\n<p>&#8222;]<\/p>\n<h1>REALIZACJA<\/h1>\n<p>[\/et_pb_text][\/et_pb_column][\/et_pb_row][\/et_pb_section][et_pb_section fb_built=&#8221;1&#8243; _builder_version=&#8221;4.24.1&#8243; _module_preset=&#8221;default&#8221; custom_padding=&#8221;1px||5px|||&#8221; global_colors_info=&#8221;{}&#8221;][et_pb_row column_structure=&#8221;1_4,1_4,1_4,1_4&#8243; _builder_version=&#8221;4.24.1&#8243; _module_preset=&#8221;default&#8221; global_colors_info=&#8221;{}&#8221;][et_pb_column type=&#8221;1_4&#8243; _builder_version=&#8221;4.24.1&#8243; _module_preset=&#8221;default&#8221; global_colors_info=&#8221;{}&#8221;][et_pb_text _builder_version=&#8221;4.24.1&#8243; _module_preset=&#8221;default&#8221; text_font=&#8221;Montserrat|300|||||||&#8221; text_font_size=&#8221;17px&#8221; link_font=&#8221;|600|||on||||&#8221; global_colors_info=&#8221;{}&#8221;]<\/p>\n<p style=\"text-align: center;\"><a href=\"https:\/\/mariawieczorek.com\/wspolpraca\">WSP\u00d3\u0141PRACA<\/a><\/p>\n<p>[\/et_pb_text][\/et_pb_column][et_pb_column type=&#8221;1_4&#8243; _builder_version=&#8221;4.24.1&#8243; _module_preset=&#8221;default&#8221; global_colors_info=&#8221;{}&#8221;][et_pb_text _builder_version=&#8221;4.24.1&#8243; _module_preset=&#8221;default&#8221; text_font=&#8221;Montserrat|300|||||||&#8221; text_font_size=&#8221;17px&#8221; link_font=&#8221;Montserrat|600|||on||||&#8221; link_text_color=&#8221;#a7716a&#8221; link_font_size=&#8221;17px&#8221; global_colors_info=&#8221;{}&#8221;]<\/p>\n<p style=\"text-align: center;\"><a href=\"https:\/\/mariawieczorek.com\/wspolpraca\/dokumentacja\">DOKUMENTACJA<\/a><\/p>\n<p>[\/et_pb_text][\/et_pb_column][et_pb_column type=&#8221;1_4&#8243; _builder_version=&#8221;4.24.1&#8243; _module_preset=&#8221;default&#8221; global_colors_info=&#8221;{}&#8221;][et_pb_text _builder_version=&#8221;4.24.1&#8243; _module_preset=&#8221;default&#8221; text_font=&#8221;Montserrat|300|||||||&#8221; text_font_size=&#8221;17px&#8221; link_font=&#8221;Montserrat||||on||||&#8221; link_text_color=&#8221;#a7716a&#8221; link_font_size=&#8221;17px&#8221; global_colors_info=&#8221;{}&#8221;]<\/p>\n<p style=\"text-align: center;\">REALIZACJA<\/p>\n<p>[\/et_pb_text][\/et_pb_column][et_pb_column type=&#8221;1_4&#8243; _builder_version=&#8221;4.24.1&#8243; _module_preset=&#8221;default&#8221; global_colors_info=&#8221;{}&#8221;][et_pb_text _builder_version=&#8221;4.24.1&#8243; _module_preset=&#8221;default&#8221; text_font=&#8221;Montserrat|300|||||||&#8221; text_font_size=&#8221;17px&#8221; link_font=&#8221;|600|||on||||&#8221; global_colors_info=&#8221;{}&#8221;]<\/p>\n<p style=\"text-align: center;\"><a href=\"https:\/\/tally.so\/r\/wQMZRX\">SKONTAKTUJ SI\u0118<\/a><\/p>\n<p>[\/et_pb_text][\/et_pb_column][\/et_pb_row][\/et_pb_section][et_pb_section fb_built=&#8221;1&#8243; _builder_version=&#8221;4.24.1&#8243; _module_preset=&#8221;default&#8221; custom_padding=&#8221;3px|||||&#8221; global_colors_info=&#8221;{}&#8221;][et_pb_row _builder_version=&#8221;4.24.1&#8243; _module_preset=&#8221;default&#8221; global_colors_info=&#8221;{}&#8221;][et_pb_column type=&#8221;4_4&#8243; _builder_version=&#8221;4.24.1&#8243; _module_preset=&#8221;default&#8221; global_colors_info=&#8221;{}&#8221;][et_pb_text _builder_version=&#8221;4.24.1&#8243; _module_preset=&#8221;default&#8221; header_font=&#8221;|600|||||||&#8221; header_text_color=&#8221;#a7716a&#8221; header_font_size=&#8221;23px&#8221; custom_margin=&#8221;||35px||false|false&#8221; custom_padding_last_edited=&#8221;off|desktop&#8221; custom_css_before=&#8221;    content: %22%22;||    position: absolute;||    top: 0;||    left: 0;||    width: 30px;||    height: 30px;||    background-color: #a7716a;||    border-radius: 50%;||\t\tmargin-left:-45px;&#8221; global_colors_info=&#8221;{}&#8221; custom_css_before_last_edited=&#8221;on|phone&#8221; custom_css_before_phone=&#8221;    content: %22%22;||    position: absolute;||    top: 0;||    left: 0;||    width: 20px;||    height: 20px;||    background-color: #a7716a;||    border-radius: 50%;||\t\tmargin-top:5px;||\t\tmargin-left:-30px;&#8221; custom_css_before_tablet=&#8221;    content: %22%22;||    position: absolute;||    top: 0;||    left: 0;||    width: 30px;||    height: 30px;||    background-color: #a7716a;||    border-radius: 50%;||\t\tmargin-left:-45px;&#8221;]<\/p>\n<h1>WYCENA<\/h1>\n<p>Do wyceny projektu przyst\u0119puj\u0119 po otrzymaniu od Ciebie formularza kontaktowego z podstawowymi informacjami na temat Twojej inwestycji. Cena zale\u017cy od wariantu wsp\u00f3\u0142pracy, jaki wybierzesz oraz uwarunkowa\u0144 takich, jak lokalizacja, metra\u017c, czy stan lokalu.<\/p>\n<p>Po Twojej akceptacji przedstawiam Ci warunki wsp\u00f3\u0142pracy i mo\u017cemy przechodzi\u0107 dalej!<\/p>\n<p>[\/et_pb_text][et_pb_text _builder_version=&#8221;4.24.1&#8243; _module_preset=&#8221;default&#8221; header_font=&#8221;|600|||||||&#8221; header_text_color=&#8221;#a7716a&#8221; header_font_size=&#8221;23px&#8221; custom_margin=&#8221;||35px||false|false&#8221; custom_padding_last_edited=&#8221;off|desktop&#8221; custom_css_before=&#8221;    content: %22%22;||    position: absolute;||    top: 0;||    left: 0;||    width: 30px;||    height: 30px;||    background-color: #a7716a;||    border-radius: 50%;||\t\tmargin-left:-45px;&#8221; global_colors_info=&#8221;{}&#8221; custom_css_before_last_edited=&#8221;on|phone&#8221; custom_css_before_phone=&#8221;    content: %22%22;||    position: absolute;||    top: 0;||    left: 0;||    width: 20px;||    height: 20px;||    background-color: #a7716a;||    border-radius: 50%;||\t\tmargin-top:5px;||\t\tmargin-left:-30px;&#8221; custom_css_before_tablet=&#8221;    content: %22%22;||    position: absolute;||    top: 0;||    left: 0;||    width: 30px;||    height: 30px;||    background-color: #a7716a;||    border-radius: 50%;||\t\tmargin-left:-45px;&#8221;]<\/p>\n<h1>ANALIZA POTRZEB KLIENTA<\/h1>\n<p>Po podpisaniu umowy przyst\u0119puj\u0119 do pracy. Pierwszym i kluczowym etapem jest poznanie Twoich potrzeb i preferencji dotycz\u0105cych projektowanego wn\u0119trza. Zale\u017cy mi na tym, \u017ceby jak najlepiej pozna\u0107 Twoje oczekiwania, dlatego wysy\u0142am Ci obszern\u0105 ankiet\u0119, w kt\u00f3rej znajdziesz pytania nawet o Tw\u00f3j ulubiony film \ud83d\ude09<\/p>\n<p>[\/et_pb_text][et_pb_text _builder_version=&#8221;4.24.1&#8243; _module_preset=&#8221;default&#8221; header_font=&#8221;|600|||||||&#8221; header_text_color=&#8221;#a7716a&#8221; header_font_size=&#8221;23px&#8221; custom_margin=&#8221;||35px||false|false&#8221; custom_padding_last_edited=&#8221;off|desktop&#8221; custom_css_before=&#8221;    content: %22%22;||    position: absolute;||    top: 0;||    left: 0;||    width: 30px;||    height: 30px;||    background-color: #a7716a;||    border-radius: 50%;||\t\tmargin-left:-45px;&#8221; global_colors_info=&#8221;{}&#8221; custom_css_before_last_edited=&#8221;on|phone&#8221; custom_css_before_phone=&#8221;    content: %22%22;||    position: absolute;||    top: 0;||    left: 0;||    width: 20px;||    height: 20px;||    background-color: #a7716a;||    border-radius: 50%;||\t\tmargin-top:5px;||\t\tmargin-left:-30px;&#8221; custom_css_before_tablet=&#8221;    content: %22%22;||    position: absolute;||    top: 0;||    left: 0;||    width: 30px;||    height: 30px;||    background-color: #a7716a;||    border-radius: 50%;||\t\tmargin-left:-45px;&#8221;]<\/p>\n<h1>PRZYGOTOWANIE PROJEKTU<\/h1>\n<p>Po przeanalizowaniu Twoich odpowiedzi przygotowuj\u0119 wst\u0119pne koncepcje uk\u0142adu funkcjonalnego i stylistyki wn\u0119trza. Kolejne etapy pracy nad projektem zale\u017c\u0105 od wybranego wariantu wsp\u00f3\u0142pracy. Przygotowuj\u0119 wizualizacje, rysunki wykonawcze, czy zestawienie materia\u0142\u00f3w konsultuj\u0105c Je z Tob\u0105.<\/p>\n<p>[\/et_pb_text][et_pb_text _builder_version=&#8221;4.24.1&#8243; _module_preset=&#8221;default&#8221; header_font=&#8221;|600|||||||&#8221; header_text_color=&#8221;#a7716a&#8221; header_font_size=&#8221;23px&#8221; custom_margin=&#8221;||35px||false|false&#8221; custom_padding_last_edited=&#8221;off|desktop&#8221; custom_css_before=&#8221;    content: %22%22;||    position: absolute;||    top: 0;||    left: 0;||    width: 30px;||    height: 30px;||    background-color: #a7716a;||    border-radius: 50%;||\t\tmargin-left:-45px;&#8221; global_colors_info=&#8221;{}&#8221; custom_css_before_last_edited=&#8221;on|phone&#8221; custom_css_before_phone=&#8221;    content: %22%22;||    position: absolute;||    top: 0;||    left: 0;||    width: 20px;||    height: 20px;||    background-color: #a7716a;||    border-radius: 50%;||\t\tmargin-top:5px;||\t\tmargin-left:-30px;&#8221; custom_css_before_tablet=&#8221;    content: %22%22;||    position: absolute;||    top: 0;||    left: 0;||    width: 30px;||    height: 30px;||    background-color: #a7716a;||    border-radius: 50%;||\t\tmargin-left:-45px;&#8221;]<\/p>\n<h1>ZDANIE DOKUMENTACJI<\/h1>\n<p>To moment, w kt\u00f3rym otrzymujesz ode mnie ca\u0142\u0105 dokumentacj\u0119 projektow\u0105, na jak\u0105 si\u0119 umawiali\u015bmy. Zakres oraz ilo\u015b\u0107 materia\u0142\u00f3w zale\u017cy od wybranego przez Ciebie wariantu wsp\u00f3\u0142pracy. Tak\u0105 dokumentacj\u0119 mo\u017cesz przekaza\u0107 wykonawcom przed rozpocz\u0119ciem prac remontowych.<\/p>\n<p>[\/et_pb_text][et_pb_text _builder_version=&#8221;4.24.1&#8243; _module_preset=&#8221;default&#8221; header_font=&#8221;|600|||||||&#8221; header_text_color=&#8221;#a7716a&#8221; header_font_size=&#8221;23px&#8221; custom_margin=&#8221;||||false|false&#8221; custom_padding_last_edited=&#8221;off|desktop&#8221; custom_css_before=&#8221;    content: %22%22;||    position: absolute;||    top: 0;||    left: 0;||    width: 30px;||    height: 30px;||    background-color: #a7716a;||    border-radius: 50%;||\t\tmargin-left:-45px;&#8221; global_colors_info=&#8221;{}&#8221; custom_css_before_last_edited=&#8221;on|phone&#8221; custom_css_before_phone=&#8221;    content: %22%22;||    position: absolute;||    top: 0;||    left: 0;||    width: 20px;||    height: 20px;||    background-color: #a7716a;||    border-radius: 50%;||\t\tmargin-top:5px;||\t\tmargin-left:-30px;&#8221; custom_css_before_tablet=&#8221;    content: %22%22;||    position: absolute;||    top: 0;||    left: 0;||    width: 30px;||    height: 30px;||    background-color: #a7716a;||    border-radius: 50%;||\t\tmargin-left:-45px;&#8221;]<\/p>\n<h1>WSPARCIE<\/h1>\n<p>Po przekazaniu Ci ko\u0144cowego projektu dobrze by\u0142oby pozosta\u0107 w kontakcie. S\u0142u\u017c\u0119 pomoc\u0105 w kwestii wyja\u015bniania ewentualnych niejasno\u015bci w projekcie, czy wprowadzania drobnych zmian, wynikaj\u0105cych z problem\u00f3w technicznych powsta\u0142ych na budowie.<\/p>\n<p>[\/et_pb_text][\/et_pb_column][\/et_pb_row][\/et_pb_section][et_pb_section fb_built=&#8221;1&#8243; fullwidth=&#8221;on&#8221; _builder_version=&#8221;4.24.1&#8243; _module_preset=&#8221;default&#8221; global_colors_info=&#8221;{}&#8221;][\/et_pb_section]<\/p>\n","protected":false},"excerpt":{"rendered":"<p>REALIZACJAWSP\u00d3\u0141PRACADOKUMENTACJAREALIZACJASKONTAKTUJ SI\u0118WYCENA Do wyceny projektu przyst\u0119puj\u0119 po otrzymaniu od Ciebie formularza kontaktowego z podstawowymi informacjami na temat Twojej inwestycji. Cena zale\u017cy od wariantu wsp\u00f3\u0142pracy, jaki wybierzesz oraz uwarunkowa\u0144 takich, jak lokalizacja, metra\u017c, czy stan lokalu. Po Twojej akceptacji przedstawiam Ci warunki wsp\u00f3\u0142pracy i mo\u017cemy przechodzi\u0107 dalej!ANALIZA POTRZEB KLIENTA Po podpisaniu umowy przyst\u0119puj\u0119 do pracy. Pierwszym [&hellip;]<\/p>\n","protected":false},"author":1,"featured_media":0,"parent":0,"menu_order":0,"comment_status":"closed","ping_status":"closed","template":"page-template-blank.php","meta":{"_et_pb_use_builder":"on","_et_pb_old_content":"","_et_gb_content_width":"","inline_featured_image":false,"footnotes":""},"class_list":["post-38","page","type-page","status-publish","hentry"],"_links":{"self":[{"href":"https:\/\/mariawieczorek.com\/wspolpraca\/wp-json\/wp\/v2\/pages\/38","targetHints":{"allow":["GET"]}}],"collection":[{"href":"https:\/\/mariawieczorek.com\/wspolpraca\/wp-json\/wp\/v2\/pages"}],"about":[{"href":"https:\/\/mariawieczorek.com\/wspolpraca\/wp-json\/wp\/v2\/types\/page"}],"author":[{"embeddable":true,"href":"https:\/\/mariawieczorek.com\/wspolpraca\/wp-json\/wp\/v2\/users\/1"}],"replies":[{"embeddable":true,"href":"https:\/\/mariawieczorek.com\/wspolpraca\/wp-json\/wp\/v2\/comments?post=38"}],"version-history":[{"count":19,"href":"https:\/\/mariawieczorek.com\/wspolpraca\/wp-json\/wp\/v2\/pages\/38\/revisions"}],"predecessor-version":[{"id":234168,"href":"https:\/\/mariawieczorek.com\/wspolpraca\/wp-json\/wp\/v2\/pages\/38\/revisions\/234168"}],"wp:attachment":[{"href":"https:\/\/mariawieczorek.com\/wspolpraca\/wp-json\/wp\/v2\/media?parent=38"}],"curies":[{"name":"wp","href":"https:\/\/api.w.org\/{rel}","templated":true}]}}