{"id":234096,"date":"2024-03-01T16:51:01","date_gmt":"2024-03-01T15:51:01","guid":{"rendered":"https:\/\/mariawieczorek.com\/oferta\/?page_id=234096"},"modified":"2024-03-02T12:51:44","modified_gmt":"2024-03-02T11:51:44","slug":"dokumentacja","status":"publish","type":"page","link":"https:\/\/mariawieczorek.com\/wspolpraca\/dokumentacja\/","title":{"rendered":"Dokumentacja"},"content":{"rendered":"<p>[et_pb_section fb_built=&#8221;1&#8243; fullwidth=&#8221;on&#8221; _builder_version=&#8221;4.24.1&#8243; _module_preset=&#8221;default&#8221; global_colors_info=&#8221;{}&#8221;][et_pb_fullwidth_image src=&#8221;https:\/\/mariawieczorek.com\/wspolpraca\/wp-content\/uploads\/2024\/03\/baner.png&#8221; title_text=&#8221;baner&#8221; _builder_version=&#8221;4.24.1&#8243; _module_preset=&#8221;default&#8221; global_colors_info=&#8221;{}&#8221;][\/et_pb_fullwidth_image][\/et_pb_section][et_pb_section fb_built=&#8221;1&#8243; _builder_version=&#8221;4.24.1&#8243; _module_preset=&#8221;default&#8221; custom_padding=&#8221;||1px|||&#8221; global_colors_info=&#8221;{}&#8221;][et_pb_row _builder_version=&#8221;4.24.1&#8243; _module_preset=&#8221;default&#8221; global_colors_info=&#8221;{}&#8221;][et_pb_column type=&#8221;4_4&#8243; _builder_version=&#8221;4.24.1&#8243; _module_preset=&#8221;default&#8221; global_colors_info=&#8221;{}&#8221;][et_pb_image src=&#8221;https:\/\/mariawieczorek.com\/wspolpraca\/wp-content\/uploads\/2024\/03\/badge.svg&#8221; title_text=&#8221;badge&#8221; _builder_version=&#8221;4.24.1&#8243; _module_preset=&#8221;default&#8221; custom_margin=&#8221;-129px||||false|false&#8221; custom_css_main_element=&#8221; display: block;||  width: 100px;||  height: 100px;||  margin-top: -50px;||  object-fit: cover;||  border-radius: 50%;&#8221; global_colors_info=&#8221;{}&#8221;][\/et_pb_image][et_pb_text _builder_version=&#8221;4.24.1&#8243; _module_preset=&#8221;default&#8221; text_font=&#8221;Montserrat|100|||||||&#8221; text_font_size=&#8221;23px&#8221; header_font=&#8221;Montserrat|300|||||||&#8221; header_font_size=&#8221;40px&#8221; hover_enabled=&#8221;0&#8243; header_font_size_tablet=&#8221;40px&#8221; header_font_size_phone=&#8221;33px&#8221; header_font_size_last_edited=&#8221;on|phone&#8221; global_colors_info=&#8221;{}&#8221; content_last_edited=&#8221;on|phone&#8221; sticky_enabled=&#8221;0&#8243; content_phone=&#8221;<\/p>\n<h1 style=%22text-align: center;%22>DOKUMENTACJA<\/h1>\n<p>&#8221; content_tablet=&#8221;<\/p>\n<h1>DOKUMENTACJA<\/h1>\n<p>&#8222;]<\/p>\n<h1>DOKUMENTACJA<\/h1>\n<p>[\/et_pb_text][\/et_pb_column][\/et_pb_row][\/et_pb_section][et_pb_section fb_built=&#8221;1&#8243; _builder_version=&#8221;4.24.1&#8243; _module_preset=&#8221;default&#8221; custom_padding=&#8221;1px||0px|||&#8221; global_colors_info=&#8221;{}&#8221;][et_pb_row column_structure=&#8221;1_4,1_4,1_4,1_4&#8243; _builder_version=&#8221;4.24.1&#8243; _module_preset=&#8221;default&#8221; global_colors_info=&#8221;{}&#8221;][et_pb_column type=&#8221;1_4&#8243; _builder_version=&#8221;4.24.1&#8243; _module_preset=&#8221;default&#8221; global_colors_info=&#8221;{}&#8221;][et_pb_text _builder_version=&#8221;4.24.1&#8243; _module_preset=&#8221;default&#8221; text_font=&#8221;Montserrat|300|||||||&#8221; text_font_size=&#8221;17px&#8221; link_font=&#8221;|600|||on||||&#8221; global_colors_info=&#8221;{}&#8221;]<\/p>\n<p style=\"text-align: center;\"><a href=\"https:\/\/mariawieczorek.com\/wspolpraca\">WSP\u00d3\u0141PRACA<\/a><\/p>\n<p>[\/et_pb_text][\/et_pb_column][et_pb_column type=&#8221;1_4&#8243; _builder_version=&#8221;4.24.1&#8243; _module_preset=&#8221;default&#8221; global_colors_info=&#8221;{}&#8221;][et_pb_text _builder_version=&#8221;4.24.1&#8243; _module_preset=&#8221;default&#8221; text_font=&#8221;Montserrat|300|||||||&#8221; text_font_size=&#8221;17px&#8221; link_font=&#8221;Montserrat||||on||||&#8221; link_text_color=&#8221;#a7716a&#8221; link_font_size=&#8221;17px&#8221; global_colors_info=&#8221;{}&#8221;]<\/p>\n<p style=\"text-align: center;\">DOKUMENTACJA<\/p>\n<p>[\/et_pb_text][\/et_pb_column][et_pb_column type=&#8221;1_4&#8243; _builder_version=&#8221;4.24.1&#8243; _module_preset=&#8221;default&#8221; global_colors_info=&#8221;{}&#8221;][et_pb_text _builder_version=&#8221;4.24.1&#8243; _module_preset=&#8221;default&#8221; text_font=&#8221;Montserrat|300|||||||&#8221; text_font_size=&#8221;17px&#8221; link_font=&#8221;Montserrat|600|||on||||&#8221; link_text_color=&#8221;#a7716a&#8221; link_font_size=&#8221;17px&#8221; global_colors_info=&#8221;{}&#8221;]<\/p>\n<p style=\"text-align: center;\"><a href=\"https:\/\/mariawieczorek.com\/wspolpraca\/realizacja\">REALIZACJA<\/a><\/p>\n<p>[\/et_pb_text][\/et_pb_column][et_pb_column type=&#8221;1_4&#8243; _builder_version=&#8221;4.24.1&#8243; _module_preset=&#8221;default&#8221; global_colors_info=&#8221;{}&#8221;][et_pb_text _builder_version=&#8221;4.24.1&#8243; _module_preset=&#8221;default&#8221; text_font=&#8221;Montserrat|300|||||||&#8221; text_font_size=&#8221;17px&#8221; link_font=&#8221;Montserrat|600|||on||||&#8221; link_text_color=&#8221;#a7716a&#8221; link_font_size=&#8221;17px&#8221; hover_enabled=&#8221;0&#8243; global_colors_info=&#8221;{}&#8221; sticky_enabled=&#8221;0&#8243;]<\/p>\n<p style=\"text-align: center;\"><a href=\"https:\/\/tally.so\/r\/wQMZRX\">SKONTAKTUJ SI\u0118<\/a><\/p>\n<p>[\/et_pb_text][\/et_pb_column][\/et_pb_row][\/et_pb_section][et_pb_section fb_built=&#8221;1&#8243; _builder_version=&#8221;4.24.1&#8243; _module_preset=&#8221;default&#8221; custom_padding=&#8221;0px|||||&#8221; global_colors_info=&#8221;{}&#8221;][et_pb_row _builder_version=&#8221;4.24.1&#8243; _module_preset=&#8221;default&#8221; global_colors_info=&#8221;{}&#8221;][et_pb_column type=&#8221;4_4&#8243; _builder_version=&#8221;4.24.1&#8243; _module_preset=&#8221;default&#8221; global_colors_info=&#8221;{}&#8221;][et_pb_text _builder_version=&#8221;4.24.1&#8243; _module_preset=&#8221;default&#8221; global_colors_info=&#8221;{}&#8221;]<\/p>\n<p style=\"text-align: justify;\">W tej cz\u0119\u015bci znajdziesz przyk\u0142ady poszczeg\u00f3lnych element\u00f3w dokumentacji technicznej. Pomog\u0105 Ci one zobrazowa\u0107 jakiego rodzaju materia\u0142y otrzymasz, wybieraj\u0105c dany wariant.<\/p>\n<p>[\/et_pb_text][\/et_pb_column][\/et_pb_row][et_pb_row column_structure=&#8221;1_3,1_3,1_3&#8243; _builder_version=&#8221;4.24.1&#8243; _module_preset=&#8221;default&#8221; custom_margin=&#8221;1px|auto||auto||&#8221; global_colors_info=&#8221;{}&#8221;][et_pb_column type=&#8221;1_3&#8243; _builder_version=&#8221;4.24.1&#8243; _module_preset=&#8221;default&#8221; global_colors_info=&#8221;{}&#8221;][et_pb_text _builder_version=&#8221;4.24.1&#8243; _module_preset=&#8221;default&#8221; header_text_color=&#8221;#a7716a&#8221; header_font_size=&#8221;23px&#8221; custom_margin=&#8221;||-19px|||&#8221; global_colors_info=&#8221;{}&#8221;]<\/p>\n<h1 style=\"text-align: center;\">UK\u0141AD FUNKCJONALNY<\/h1>\n<p>[\/et_pb_text][\/et_pb_column][et_pb_column type=&#8221;1_3&#8243; _builder_version=&#8221;4.24.1&#8243; _module_preset=&#8221;default&#8221; global_colors_info=&#8221;{}&#8221;][et_pb_text _builder_version=&#8221;4.24.1&#8243; _module_preset=&#8221;default&#8221; global_colors_info=&#8221;{}&#8221;]<\/p>\n<p style=\"text-align: justify;\">Rzut obrazuj\u0105cy rozmieszczenie element\u00f3w wn\u0119trza w pomieszczeniu. Nie zawiera on dok\u0142adnych wymiar\u00f3w, ale jest robiony w odpowiedniej skali (1:20.1:25 lub 1:50).<br \/>Zazwyczaj na jego podstawie okre\u015bla si\u0119 wst\u0119pny rozk\u0142ad mebli i sprz\u0119t\u00f3w.<\/p>\n<p>[\/et_pb_text][\/et_pb_column][et_pb_column type=&#8221;1_3&#8243; _builder_version=&#8221;4.24.1&#8243; _module_preset=&#8221;default&#8221; global_colors_info=&#8221;{}&#8221;][et_pb_image src=&#8221;https:\/\/mariawieczorek.com\/wspolpraca\/wp-content\/uploads\/2024\/03\/Zrzut-ekranu-2024-03-1-o-16.55.43.png&#8221; title_text=&#8221;Zrzut ekranu 2024-03-1 o 16.55.43&#8243; _builder_version=&#8221;4.24.1&#8243; _module_preset=&#8221;default&#8221; global_colors_info=&#8221;{}&#8221;][\/et_pb_image][\/et_pb_column][\/et_pb_row][et_pb_row column_structure=&#8221;1_3,1_3,1_3&#8243; _builder_version=&#8221;4.24.1&#8243; _module_preset=&#8221;default&#8221; custom_margin=&#8221;1px|auto||auto||&#8221; custom_padding=&#8221;36px|||||&#8221; global_colors_info=&#8221;{}&#8221;][et_pb_column type=&#8221;1_3&#8243; _builder_version=&#8221;4.24.1&#8243; _module_preset=&#8221;default&#8221; global_colors_info=&#8221;{}&#8221;][et_pb_text _builder_version=&#8221;4.24.1&#8243; _module_preset=&#8221;default&#8221; header_text_color=&#8221;#a7716a&#8221; header_font_size=&#8221;23px&#8221; global_colors_info=&#8221;{}&#8221;]<\/p>\n<h1 style=\"text-align: center;\">MOODBOARD<\/h1>\n<p>[\/et_pb_text][\/et_pb_column][et_pb_column type=&#8221;1_3&#8243; _builder_version=&#8221;4.24.1&#8243; _module_preset=&#8221;default&#8221; global_colors_info=&#8221;{}&#8221;][et_pb_text _builder_version=&#8221;4.24.1&#8243; _module_preset=&#8221;default&#8221; custom_margin=&#8221;-21px|||||&#8221; global_colors_info=&#8221;{}&#8221;]<\/p>\n<p style=\"text-align: justify;\">Kola\u017c maj\u0105cy na celu nakre\u015blenie charakteru wn\u0119trza. Zawiera on zdj\u0119cia oraz grafiki b\u0119d\u0105ce inspiracjami, przyk\u0142adami realizacji, lub pr\u00f3bkami materia\u0142\u00f3w i kolor\u00f3w, kt\u00f3re docelowo mo\u017cna u\u017cy\u0107 w projekcie.<\/p>\n<p>[\/et_pb_text][\/et_pb_column][et_pb_column type=&#8221;1_3&#8243; _builder_version=&#8221;4.24.1&#8243; _module_preset=&#8221;default&#8221; global_colors_info=&#8221;{}&#8221;][et_pb_image src=&#8221;https:\/\/mariawieczorek.com\/wspolpraca\/wp-content\/uploads\/2024\/03\/Zrzut-ekranu-2024-03-1-o-16.59.58.png&#8221; title_text=&#8221;Zrzut ekranu 2024-03-1 o 16.59.58&#8243; _builder_version=&#8221;4.24.1&#8243; _module_preset=&#8221;default&#8221; global_colors_info=&#8221;{}&#8221;][\/et_pb_image][\/et_pb_column][\/et_pb_row][et_pb_row column_structure=&#8221;1_3,1_3,1_3&#8243; _builder_version=&#8221;4.24.1&#8243; _module_preset=&#8221;default&#8221; custom_margin=&#8221;1px|auto||auto||&#8221; custom_padding=&#8221;36px|||||&#8221; global_colors_info=&#8221;{}&#8221;][et_pb_column type=&#8221;1_3&#8243; _builder_version=&#8221;4.24.1&#8243; _module_preset=&#8221;default&#8221; global_colors_info=&#8221;{}&#8221;][et_pb_text _builder_version=&#8221;4.24.1&#8243; _module_preset=&#8221;default&#8221; header_text_color=&#8221;#a7716a&#8221; header_font_size=&#8221;23px&#8221; global_colors_info=&#8221;{}&#8221;]<\/p>\n<h1 style=\"text-align: center;\">RZUT OG\u00d3LNY<\/h1>\n<p>[\/et_pb_text][\/et_pb_column][et_pb_column type=&#8221;1_3&#8243; _builder_version=&#8221;4.24.1&#8243; _module_preset=&#8221;default&#8221; global_colors_info=&#8221;{}&#8221;][et_pb_text _builder_version=&#8221;4.24.1&#8243; _module_preset=&#8221;default&#8221; custom_margin=&#8221;-24px|||||&#8221; global_colors_info=&#8221;{}&#8221;]<\/p>\n<p style=\"text-align: justify;\">Dok\u0142adny rzut obrazuj\u0105cy rozmieszczenie element\u00f3w wn\u0119trza w pomieszczeniu. Zawiera on dok\u0142adne wymiary, jest robiony w odpowiedniej skali (1:20,1:25 lub 1:50). <br \/>Jest to rysunek, na kt\u00f3rym wrysowane s\u0105 ju\u017c docelowe meble, sprz\u0119ty i inne wi\u0119ksze elementy wn\u0119trza, okre\u015blone w spisie materia\u0142\u00f3w.<\/p>\n<p>[\/et_pb_text][\/et_pb_column][et_pb_column type=&#8221;1_3&#8243; _builder_version=&#8221;4.24.1&#8243; _module_preset=&#8221;default&#8221; global_colors_info=&#8221;{}&#8221;][et_pb_image src=&#8221;https:\/\/mariawieczorek.com\/wspolpraca\/wp-content\/uploads\/2024\/03\/Zrzut-ekranu-2024-03-1-o-17.02.29.png&#8221; title_text=&#8221;Zrzut ekranu 2024-03-1 o 17.02.29&#8243; _builder_version=&#8221;4.24.1&#8243; _module_preset=&#8221;default&#8221; global_colors_info=&#8221;{}&#8221;][\/et_pb_image][\/et_pb_column][\/et_pb_row][et_pb_row column_structure=&#8221;1_3,1_3,1_3&#8243; _builder_version=&#8221;4.24.1&#8243; _module_preset=&#8221;default&#8221; custom_margin=&#8221;1px|auto||auto||&#8221; custom_padding=&#8221;36px|||||&#8221; global_colors_info=&#8221;{}&#8221;][et_pb_column type=&#8221;1_3&#8243; _builder_version=&#8221;4.24.1&#8243; _module_preset=&#8221;default&#8221; global_colors_info=&#8221;{}&#8221;][et_pb_text _builder_version=&#8221;4.24.1&#8243; _module_preset=&#8221;default&#8221; header_text_color=&#8221;#a7716a&#8221; header_font_size=&#8221;23px&#8221; global_colors_info=&#8221;{}&#8221;]<\/p>\n<h1 style=\"text-align: center;\">WIDOKI \u015aCIAN<br \/>(PRZEKROJE)<\/h1>\n<p>[\/et_pb_text][\/et_pb_column][et_pb_column type=&#8221;1_3&#8243; _builder_version=&#8221;4.24.1&#8243; _module_preset=&#8221;default&#8221; global_colors_info=&#8221;{}&#8221;][et_pb_text _builder_version=&#8221;4.24.1&#8243; _module_preset=&#8221;default&#8221; custom_margin=&#8221;-26px|||||&#8221; custom_padding=&#8221;0px|||||&#8221; global_colors_info=&#8221;{}&#8221;]<\/p>\n<p style=\"text-align: justify;\">Rysunki pokazuj\u0105ce widok \u015bciany danego pomieszczenia wraz z umeblowaniem, rozmieszczeniem element\u00f3w instalacji elektrycznej, zawor\u00f3w ciep\u0142ej i zimnej wody<br \/>u\u017cytkowej oraz materia\u0142\u00f3w, jakie maj\u0105 zosta\u0107 na ni\u0105 naniesione. Rysunek jest wykonywany w odpowiedniej skali\u00a0i zawiera dok\u0142adne wymiarowanie.<\/p>\n<p>[\/et_pb_text][\/et_pb_column][et_pb_column type=&#8221;1_3&#8243; _builder_version=&#8221;4.24.1&#8243; _module_preset=&#8221;default&#8221; global_colors_info=&#8221;{}&#8221;][et_pb_image src=&#8221;https:\/\/mariawieczorek.com\/wspolpraca\/wp-content\/uploads\/2024\/03\/Zrzut-ekranu-2024-03-1-o-17.04.31.png&#8221; title_text=&#8221;Zrzut ekranu 2024-03-1 o 17.04.31&#8243; _builder_version=&#8221;4.24.1&#8243; _module_preset=&#8221;default&#8221; global_colors_info=&#8221;{}&#8221;][\/et_pb_image][\/et_pb_column][\/et_pb_row][et_pb_row column_structure=&#8221;1_3,1_3,1_3&#8243; _builder_version=&#8221;4.24.1&#8243; _module_preset=&#8221;default&#8221; custom_margin=&#8221;1px|auto||auto||&#8221; custom_padding=&#8221;36px|||||&#8221; global_colors_info=&#8221;{}&#8221;][et_pb_column type=&#8221;1_3&#8243; _builder_version=&#8221;4.24.1&#8243; _module_preset=&#8221;default&#8221; global_colors_info=&#8221;{}&#8221;][et_pb_text _builder_version=&#8221;4.24.1&#8243; _module_preset=&#8221;default&#8221; header_text_color=&#8221;#a7716a&#8221; header_font_size=&#8221;23px&#8221; global_colors_info=&#8221;{}&#8221;]<\/p>\n<h1 style=\"text-align: center;\">PROJEKT INSTALACJI<br \/>ELEKTRYCZNEJ \/<br \/>WOD.-KAN.<\/h1>\n<p>[\/et_pb_text][\/et_pb_column][et_pb_column type=&#8221;1_3&#8243; _builder_version=&#8221;4.24.1&#8243; _module_preset=&#8221;default&#8221; global_colors_info=&#8221;{}&#8221;][et_pb_text _builder_version=&#8221;4.24.1&#8243; _module_preset=&#8221;default&#8221; custom_margin=&#8221;-26px|||||&#8221; global_colors_info=&#8221;{}&#8221;]<\/p>\n<p style=\"text-align: justify;\">Rzut oraz widoki \u015bcian z pokazaniem rozmieszczenia element\u00f3w instalacji elektrycznej (np. gniazdek, w\u0142\u0105cznik\u00f3w, punkt\u00f3w \u015bwietlnych w suficie, wyj\u015b\u0107 elektrycznych np. pod o\u015bwietlenie LED i innych potrzebnych) oraz zawor\u00f3w ciep\u0142ej i zimnej wody u\u017cytkowej.<br \/>Jest to rysunek schematyczny, okre\u015blaj\u0105cy dok\u0142adnie, w kt\u00f3rym miejscu i na jakiej wysoko\u015bci maj\u0105 si\u0119 znale\u017a\u0107 punkty ko\u0144cowe instalacji. Za jej ostateczny przebieg odpowiedzialny jest wykonawca, kt\u00f3ry ma poprowadzi\u0107 j\u0105 tak, by by\u0142a ona zgodna z projektem i nie stwarza\u0142a problemu w u\u017cytkowaniu pomieszczenia.<\/p>\n<p>[\/et_pb_text][\/et_pb_column][et_pb_column type=&#8221;1_3&#8243; _builder_version=&#8221;4.24.1&#8243; _module_preset=&#8221;default&#8221; global_colors_info=&#8221;{}&#8221;][et_pb_image src=&#8221;https:\/\/mariawieczorek.com\/wspolpraca\/wp-content\/uploads\/2024\/03\/Zrzut-ekranu-2024-03-1-o-17.07.22.png&#8221; title_text=&#8221;Zrzut ekranu 2024-03-1 o 17.07.22&#8243; _builder_version=&#8221;4.24.1&#8243; _module_preset=&#8221;default&#8221; global_colors_info=&#8221;{}&#8221;][\/et_pb_image][\/et_pb_column][\/et_pb_row][et_pb_row column_structure=&#8221;1_3,1_3,1_3&#8243; _builder_version=&#8221;4.24.1&#8243; _module_preset=&#8221;default&#8221; custom_margin=&#8221;1px|auto||auto||&#8221; custom_padding=&#8221;36px|||||&#8221; global_colors_info=&#8221;{}&#8221;][et_pb_column type=&#8221;1_3&#8243; _builder_version=&#8221;4.24.1&#8243; _module_preset=&#8221;default&#8221; global_colors_info=&#8221;{}&#8221;][et_pb_text _builder_version=&#8221;4.24.1&#8243; _module_preset=&#8221;default&#8221; header_text_color=&#8221;#a7716a&#8221; header_font_size=&#8221;23px&#8221; global_colors_info=&#8221;{}&#8221;]<\/p>\n<h1 style=\"text-align: center;\">UK\u0141AD POD\u0141OGI<\/h1>\n<p>[\/et_pb_text][\/et_pb_column][et_pb_column type=&#8221;1_3&#8243; _builder_version=&#8221;4.24.1&#8243; _module_preset=&#8221;default&#8221; global_colors_info=&#8221;{}&#8221;][et_pb_text _builder_version=&#8221;4.24.1&#8243; _module_preset=&#8221;default&#8221; custom_margin=&#8221;-28px|||||&#8221; global_colors_info=&#8221;{}&#8221;]<\/p>\n<p style=\"text-align: justify;\">Rzut obrazuj\u0105cy schemat u\u0142o\u017cenia p\u0142ytek, paneli lub innych element\u00f3w wyko\u0144czeniowych na pod\u0142odze.<\/p>\n<p>[\/et_pb_text][\/et_pb_column][et_pb_column type=&#8221;1_3&#8243; _builder_version=&#8221;4.24.1&#8243; _module_preset=&#8221;default&#8221; global_colors_info=&#8221;{}&#8221;][et_pb_image src=&#8221;https:\/\/mariawieczorek.com\/wspolpraca\/wp-content\/uploads\/2024\/03\/Zrzut-ekranu-2024-03-1-o-17.08.31.png&#8221; title_text=&#8221;Zrzut ekranu 2024-03-1 o 17.08.31&#8243; _builder_version=&#8221;4.24.1&#8243; _module_preset=&#8221;default&#8221; global_colors_info=&#8221;{}&#8221;][\/et_pb_image][\/et_pb_column][\/et_pb_row][et_pb_row column_structure=&#8221;1_3,1_3,1_3&#8243; _builder_version=&#8221;4.24.1&#8243; _module_preset=&#8221;default&#8221; custom_margin=&#8221;1px|auto||auto||&#8221; custom_padding=&#8221;36px|||||&#8221; global_colors_info=&#8221;{}&#8221;][et_pb_column type=&#8221;1_3&#8243; _builder_version=&#8221;4.24.1&#8243; _module_preset=&#8221;default&#8221; global_colors_info=&#8221;{}&#8221;][et_pb_text _builder_version=&#8221;4.24.1&#8243; _module_preset=&#8221;default&#8221; header_text_color=&#8221;#a7716a&#8221; header_font_size=&#8221;23px&#8221; global_colors_info=&#8221;{}&#8221;]<\/p>\n<h1 style=\"text-align: center;\">WIZUALIZACJE<\/h1>\n<p>[\/et_pb_text][\/et_pb_column][et_pb_column type=&#8221;1_3&#8243; _builder_version=&#8221;4.24.1&#8243; _module_preset=&#8221;default&#8221; global_colors_info=&#8221;{}&#8221;][et_pb_text _builder_version=&#8221;4.24.1&#8243; _module_preset=&#8221;default&#8221; custom_margin=&#8221;-26px|||||&#8221; global_colors_info=&#8221;{}&#8221;]<\/p>\n<p style=\"text-align: justify;\">Widoki 3D obrazuj\u0105ce jak pomieszczenie ma wygl\u0105da\u0107 docelowo. Maj\u0105 one charakter pogl\u0105dowy, stanowi\u0105 jedynie uzupe\u0142nienie\u00a0 dokumentacji technicznej. S\u0142u\u017c\u0105 przedstawieniu koncepcji projektowej<\/p>\n<p>[\/et_pb_text][\/et_pb_column][et_pb_column type=&#8221;1_3&#8243; _builder_version=&#8221;4.24.1&#8243; _module_preset=&#8221;default&#8221; global_colors_info=&#8221;{}&#8221;][et_pb_image src=&#8221;https:\/\/mariawieczorek.com\/wspolpraca\/wp-content\/uploads\/2024\/03\/Zrzut-ekranu-2024-03-1-o-17.11.54.png&#8221; title_text=&#8221;Zrzut ekranu 2024-03-1 o 17.11.54&#8243; _builder_version=&#8221;4.24.1&#8243; _module_preset=&#8221;default&#8221; global_colors_info=&#8221;{}&#8221;][\/et_pb_image][\/et_pb_column][\/et_pb_row][et_pb_row column_structure=&#8221;1_3,1_3,1_3&#8243; _builder_version=&#8221;4.24.1&#8243; _module_preset=&#8221;default&#8221; custom_margin=&#8221;1px|auto||auto||&#8221; custom_padding=&#8221;36px|||||&#8221; global_colors_info=&#8221;{}&#8221;][et_pb_column type=&#8221;1_3&#8243; _builder_version=&#8221;4.24.1&#8243; _module_preset=&#8221;default&#8221; global_colors_info=&#8221;{}&#8221;][et_pb_text _builder_version=&#8221;4.24.1&#8243; _module_preset=&#8221;default&#8221; header_text_color=&#8221;#a7716a&#8221; header_font_size=&#8221;23px&#8221; global_colors_info=&#8221;{}&#8221;]<\/p>\n<h1 style=\"text-align: center;\">PROJEKT ZABUDOWY MEBLOWEJ<\/h1>\n<p>[\/et_pb_text][\/et_pb_column][et_pb_column type=&#8221;1_3&#8243; _builder_version=&#8221;4.24.1&#8243; _module_preset=&#8221;default&#8221; global_colors_info=&#8221;{}&#8221;][et_pb_text _builder_version=&#8221;4.24.1&#8243; _module_preset=&#8221;default&#8221; custom_margin=&#8221;-30px|||||&#8221; global_colors_info=&#8221;{}&#8221;]<\/p>\n<p style=\"text-align: justify;\">Szczeg\u00f3\u0142owy rysunek mebla projektowanego specjalnie na potrzeby projektu. Jest on wykonywany w skali oraz zawiera dok\u0142adne wymiary.<\/p>\n<p>[\/et_pb_text][\/et_pb_column][et_pb_column type=&#8221;1_3&#8243; _builder_version=&#8221;4.24.1&#8243; _module_preset=&#8221;default&#8221; global_colors_info=&#8221;{}&#8221;][et_pb_image src=&#8221;https:\/\/mariawieczorek.com\/wspolpraca\/wp-content\/uploads\/2024\/03\/Zrzut-ekranu-2024-03-1-o-17.13.11.png&#8221; title_text=&#8221;Zrzut ekranu 2024-03-1 o 17.13.11&#8243; _builder_version=&#8221;4.24.1&#8243; _module_preset=&#8221;default&#8221; global_colors_info=&#8221;{}&#8221;][\/et_pb_image][\/et_pb_column][\/et_pb_row][\/et_pb_section]<\/p>\n","protected":false},"excerpt":{"rendered":"<p>DOKUMENTACJAWSP\u00d3\u0141PRACADOKUMENTACJAREALIZACJASKONTAKTUJ SI\u0118W tej cz\u0119\u015bci znajdziesz przyk\u0142ady poszczeg\u00f3lnych element\u00f3w dokumentacji technicznej. Pomog\u0105 Ci one zobrazowa\u0107 jakiego rodzaju materia\u0142y otrzymasz, wybieraj\u0105c dany wariant.UK\u0141AD FUNKCJONALNYRzut obrazuj\u0105cy rozmieszczenie element\u00f3w wn\u0119trza w pomieszczeniu. Nie zawiera on dok\u0142adnych wymiar\u00f3w, ale jest robiony w odpowiedniej skali (1:20.1:25 lub 1:50).Zazwyczaj na jego podstawie okre\u015bla si\u0119 wst\u0119pny rozk\u0142ad mebli i sprz\u0119t\u00f3w.MOODBOARDKola\u017c maj\u0105cy na celu [&hellip;]<\/p>\n","protected":false},"author":1,"featured_media":0,"parent":0,"menu_order":0,"comment_status":"closed","ping_status":"closed","template":"page-template-blank.php","meta":{"_et_pb_use_builder":"on","_et_pb_old_content":"","_et_gb_content_width":"","inline_featured_image":false,"footnotes":""},"class_list":["post-234096","page","type-page","status-publish","hentry"],"_links":{"self":[{"href":"https:\/\/mariawieczorek.com\/wspolpraca\/wp-json\/wp\/v2\/pages\/234096","targetHints":{"allow":["GET"]}}],"collection":[{"href":"https:\/\/mariawieczorek.com\/wspolpraca\/wp-json\/wp\/v2\/pages"}],"about":[{"href":"https:\/\/mariawieczorek.com\/wspolpraca\/wp-json\/wp\/v2\/types\/page"}],"author":[{"embeddable":true,"href":"https:\/\/mariawieczorek.com\/wspolpraca\/wp-json\/wp\/v2\/users\/1"}],"replies":[{"embeddable":true,"href":"https:\/\/mariawieczorek.com\/wspolpraca\/wp-json\/wp\/v2\/comments?post=234096"}],"version-history":[{"count":17,"href":"https:\/\/mariawieczorek.com\/wspolpraca\/wp-json\/wp\/v2\/pages\/234096\/revisions"}],"predecessor-version":[{"id":234167,"href":"https:\/\/mariawieczorek.com\/wspolpraca\/wp-json\/wp\/v2\/pages\/234096\/revisions\/234167"}],"wp:attachment":[{"href":"https:\/\/mariawieczorek.com\/wspolpraca\/wp-json\/wp\/v2\/media?parent=234096"}],"curies":[{"name":"wp","href":"https:\/\/api.w.org\/{rel}","templated":true}]}}