{"id":17,"date":"2024-03-01T13:35:44","date_gmt":"2024-03-01T12:35:44","guid":{"rendered":"https:\/\/mariawieczorek.com\/oferta\/?page_id=17"},"modified":"2024-04-14T20:49:07","modified_gmt":"2024-04-14T18:49:07","slug":"17-2","status":"publish","type":"page","link":"https:\/\/mariawieczorek.com\/wspolpraca\/","title":{"rendered":"Wsp\u00f3\u0142praca"},"content":{"rendered":"<p>[et_pb_section fb_built=&#8221;1&#8243; fullwidth=&#8221;on&#8221; _builder_version=&#8221;4.24.1&#8243; _module_preset=&#8221;default&#8221; global_colors_info=&#8221;{}&#8221;][et_pb_fullwidth_image src=&#8221;https:\/\/mariawieczorek.com\/wspolpraca\/wp-content\/uploads\/2024\/03\/baner.png&#8221; title_text=&#8221;baner&#8221; _builder_version=&#8221;4.24.1&#8243; _module_preset=&#8221;default&#8221; global_colors_info=&#8221;{}&#8221;][\/et_pb_fullwidth_image][\/et_pb_section][et_pb_section fb_built=&#8221;1&#8243; _builder_version=&#8221;4.24.1&#8243; _module_preset=&#8221;default&#8221; custom_padding=&#8221;||1px|||&#8221; global_colors_info=&#8221;{}&#8221;][et_pb_row _builder_version=&#8221;4.24.1&#8243; _module_preset=&#8221;default&#8221; global_colors_info=&#8221;{}&#8221;][et_pb_column type=&#8221;4_4&#8243; _builder_version=&#8221;4.24.1&#8243; _module_preset=&#8221;default&#8221; global_colors_info=&#8221;{}&#8221;][et_pb_image src=&#8221;https:\/\/mariawieczorek.com\/wspolpraca\/wp-content\/uploads\/2024\/03\/badge.svg&#8221; title_text=&#8221;badge&#8221; _builder_version=&#8221;4.24.1&#8243; _module_preset=&#8221;default&#8221; custom_margin=&#8221;-129px||||false|false&#8221; custom_css_main_element=&#8221; display: block;||  width: 100px;||  height: 100px;||  margin-top: -50px;||  object-fit: cover;||  border-radius: 50%;&#8221; global_colors_info=&#8221;{}&#8221;][\/et_pb_image][et_pb_text content_tablet=&#8221;<\/p>\n<h1 style=%22text-align: left;%22>WSP\u00d3\u0141PRACA<\/h1>\n<p>&#8221; content_phone=&#8221;<\/p>\n<h1 style=%22text-align: center;%22>WSP\u00d3\u0141PRACA<\/h1>\n<p>&#8221; content_last_edited=&#8221;on|desktop&#8221; _builder_version=&#8221;4.24.1&#8243; _module_preset=&#8221;default&#8221; text_font=&#8221;Montserrat|100|||||||&#8221; text_font_size=&#8221;23px&#8221; header_font=&#8221;Montserrat|300|||||||&#8221; header_font_size=&#8221;40px&#8221; custom_padding=&#8221;|0px||||&#8221; header_text_align_phone=&#8221;left&#8221; header_text_align_last_edited=&#8221;off|tablet&#8221; global_colors_info=&#8221;{}&#8221;]<\/p>\n<h1 style=\"text-align: left;\">WSP\u00d3\u0141PRACA<\/h1>\n<p>[\/et_pb_text][\/et_pb_column][\/et_pb_row][\/et_pb_section][et_pb_section fb_built=&#8221;1&#8243; _builder_version=&#8221;4.24.1&#8243; _module_preset=&#8221;default&#8221; custom_padding=&#8221;1px|||||&#8221; global_colors_info=&#8221;{}&#8221;][et_pb_row column_structure=&#8221;1_4,1_4,1_4,1_4&#8243; _builder_version=&#8221;4.24.1&#8243; _module_preset=&#8221;default&#8221; global_colors_info=&#8221;{}&#8221;][et_pb_column type=&#8221;1_4&#8243; _builder_version=&#8221;4.24.1&#8243; _module_preset=&#8221;default&#8221; global_colors_info=&#8221;{}&#8221;][et_pb_text _builder_version=&#8221;4.24.1&#8243; _module_preset=&#8221;default&#8221; text_font=&#8221;Montserrat|300|||||||&#8221; text_font_size=&#8221;17px&#8221; global_colors_info=&#8221;{}&#8221;]<\/p>\n<p style=\"text-align: center;\">WSP\u00d3\u0141PRACA<\/p>\n<p>[\/et_pb_text][\/et_pb_column][et_pb_column type=&#8221;1_4&#8243; _builder_version=&#8221;4.24.1&#8243; _module_preset=&#8221;default&#8221; global_colors_info=&#8221;{}&#8221;][et_pb_text _builder_version=&#8221;4.24.1&#8243; _module_preset=&#8221;default&#8221; text_font=&#8221;Montserrat|300|||||||&#8221; text_font_size=&#8221;17px&#8221; link_font=&#8221;Montserrat|600|||on||||&#8221; link_text_color=&#8221;#a7716a&#8221; link_font_size=&#8221;17px&#8221; global_colors_info=&#8221;{}&#8221;]<\/p>\n<p style=\"text-align: center;\"><a href=\"https:\/\/mariawieczorek.com\/wspolpraca\/dokumentacja\">DOKUMENTACJA<\/a><\/p>\n<p>[\/et_pb_text][\/et_pb_column][et_pb_column type=&#8221;1_4&#8243; _builder_version=&#8221;4.24.1&#8243; _module_preset=&#8221;default&#8221; global_colors_info=&#8221;{}&#8221;][et_pb_text _builder_version=&#8221;4.24.1&#8243; _module_preset=&#8221;default&#8221; text_font=&#8221;Montserrat|300|||||||&#8221; text_font_size=&#8221;17px&#8221; link_font=&#8221;Montserrat|600|||on||||&#8221; link_text_color=&#8221;#a7716a&#8221; link_font_size=&#8221;17px&#8221; global_colors_info=&#8221;{}&#8221;]<\/p>\n<p style=\"text-align: center;\"><a href=\"https:\/\/mariawieczorek.com\/wspolpraca\/realizacja\">REALIZACJA<\/a><\/p>\n<p>[\/et_pb_text][\/et_pb_column][et_pb_column type=&#8221;1_4&#8243; _builder_version=&#8221;4.24.1&#8243; _module_preset=&#8221;default&#8221; global_colors_info=&#8221;{}&#8221;][et_pb_text _builder_version=&#8221;4.24.1&#8243; _module_preset=&#8221;default&#8221; text_font=&#8221;Montserrat|300|||||||&#8221; text_font_size=&#8221;17px&#8221; link_font=&#8221;Montserrat|600|||on||||&#8221; link_text_color=&#8221;#a7716a&#8221; link_font_size=&#8221;17px&#8221; global_colors_info=&#8221;{}&#8221;]<\/p>\n<p style=\"text-align: center;\"><a href=\"https:\/\/tally.so\/r\/wQMZRX\">SKONTAKTUJ SI\u0118<\/a><\/p>\n<p>[\/et_pb_text][\/et_pb_column][\/et_pb_row][et_pb_row column_structure=&#8221;1_2,1_2&#8243; _builder_version=&#8221;4.24.1&#8243; _module_preset=&#8221;default&#8221; custom_margin=&#8221;22px|auto||auto||&#8221; custom_padding=&#8221;||10px|||&#8221; hover_enabled=&#8221;0&#8243; global_colors_info=&#8221;{}&#8221; sticky_enabled=&#8221;0&#8243;][et_pb_column type=&#8221;1_2&#8243; _builder_version=&#8221;4.24.1&#8243; _module_preset=&#8221;default&#8221; custom_padding=&#8221;0px|||1px|false|false&#8221; border_radii=&#8221;on|40px|40px|40px|40px&#8221; border_width_all=&#8221;2px&#8221; border_color_all=&#8221;#FFFFFF&#8221; global_colors_info=&#8221;{}&#8221;][et_pb_text _builder_version=&#8221;4.24.1&#8243; _module_preset=&#8221;default&#8221; text_font=&#8221;Montserrat|300|||||||&#8221; text_font_size=&#8221;17px&#8221; header_font=&#8221;|600|||||||&#8221; header_text_color=&#8221;#a7716a&#8221; header_font_size=&#8221;23px&#8221; custom_margin=&#8221;-2px||0px||false|false&#8221; custom_padding=&#8221;19px||32px||false|false&#8221; border_radii_last_edited=&#8221;off|desktop&#8221; border_width_top_phone=&#8221;2px&#8221; border_width_top_last_edited=&#8221;off|desktop&#8221; border_width_right_tablet=&#8221;0px&#8221; border_width_right_phone=&#8221;2px&#8221; border_width_right_last_edited=&#8221;off|desktop&#8221; global_colors_info=&#8221;{}&#8221;]<\/p>\n<h1 style=\"text-align: center;\"><span style=\"font-size: 23px;\"><\/span><\/h1>\n<h1 style=\"text-align: center;\"><span style=\"font-size: 23px;\"><\/span><\/h1>\n<h1 style=\"text-align: center;\"><span style=\"font-size: 23px;\">SPOTKANIE PROJEKTOWE<\/span><\/h1>\n<p>[\/et_pb_text][et_pb_text content_tablet=&#8221;<\/p>\n<ul>\n<li>og\u00f3lne okre\u015blenie potrzeb i preferencji klienta<\/li>\n<li>jedna lub kilka koncepcji uk\u0142adu funkcjonalnego w zale\u017cno\u015bci od wymiar\u00f3w pomieszczenia<\/li>\n<li>moodboard projektu<\/li>\n<li>2 wizualizacje pomieszcze\u0144<\/li>\n<\/ul>\n<p>Wariant nie zawiera wykonania dokumentacji technicznej w postaci rysunk\u00f3w wymiarowych widok\u00f3w \u015bcian, projektu instalacji elektrycznej, schematu instalacji wodno-kanalizacyjnej.<\/p>\n<\/p>\n<h1 style=%22text-align: center;%22>500 z\u0142 + 80 z\u0142 \/ m\u00b2<\/h1>\n<p>&#8221; content_phone=&#8221;<\/p>\n<ul>\n<li>og\u00f3lne okre\u015blenie potrzeb i preferencji klienta<\/li>\n<li>jedna lub kilka koncepcji uk\u0142adu funkcjonalnego w zale\u017cno\u015bci od wymiar\u00f3w pomieszczenia<\/li>\n<li>moodboard projektu<\/li>\n<li>2 wizualizacje pomieszcze\u0144<\/li>\n<\/ul>\n<p>Wariant nie zawiera wykonania dokumentacji technicznej w postaci rysunk\u00f3w wymiarowych widok\u00f3w \u015bcian, projektu instalacji elektrycznej, schematu instalacji wodno-kanalizacyjnej.<\/p>\n<h1 style=%22text-align: center;%22><\/h1>\n<h1 style=%22text-align: center;%22><\/h1>\n<h1 style=%22text-align: center;%22>500 z\u0142 + 80 z\u0142 \/ m\u00b2<\/h1>\n<p>&#8221; content_last_edited=&#8221;off|phone&#8221; _builder_version=&#8221;4.24.1&#8243; _module_preset=&#8221;default&#8221; text_font=&#8221;Montserrat||||||||&#8221; text_font_size=&#8221;13px&#8221; ul_font=&#8221;Montserrat||||||||&#8221; header_font=&#8221;Montserrat||||||||&#8221; header_text_color=&#8221;#a7716a&#8221; custom_margin=&#8221;-7px||39px||false|false&#8221; custom_margin_tablet=&#8221;||0px||false|false&#8221; custom_margin_phone=&#8221;||0px||false|false&#8221; custom_margin_last_edited=&#8221;on|desktop&#8221; custom_padding=&#8221;0px||3px|10px|false|false&#8221; custom_padding_tablet=&#8221;||22px|10px|false|false&#8221; custom_padding_phone=&#8221;||22px|10px|false|false&#8221; custom_padding_last_edited=&#8221;on|phone&#8221; hover_enabled=&#8221;0&#8243; border_color_all=&#8221;#FFFFFF&#8221; border_width_right_phone=&#8221;2px&#8221; border_width_right_last_edited=&#8221;off|phone&#8221; border_width_bottom_phone=&#8221;2px&#8221; border_width_bottom_last_edited=&#8221;off|phone&#8221; border_width_left_phone=&#8221;2px&#8221; border_width_left_last_edited=&#8221;off|phone&#8221; global_colors_info=&#8221;{}&#8221; sticky_enabled=&#8221;0&#8243;]<\/p>\n<ul>\n<li>spotkanie online lub stacjonarnie w salonie MaxFliz w Warszawie, maj\u0105ce na calu wypracowanie og\u00f3lnej koncepcji wn\u0119trza<\/li>\n<li>praca na przes\u0142anych wcze\u015bniej rzutach pomieszczenia i inspiracjach<\/li>\n<li>podczas spotkania mo\u017cemy om\u00f3wi\u0107 zar\u00f3wno kwestie uk\u0142adu funkcjonalnego, jak i stylistyki oraz doboru materia\u0142\u00f3w wyko\u0144czeniowych<\/li>\n<li>spotkanie podsumowuj\u0119 przes\u0142aniem notatki oraz szkic\u00f3w, obrazuj\u0105cych wybran\u0105 koncepcj\u0119<\/li>\n<\/ul>\n<p>[\/et_pb_text][et_pb_text _builder_version=&#8221;4.24.1&#8243; _module_preset=&#8221;default&#8221; text_font=&#8221;Montserrat||||||||&#8221; text_font_size=&#8221;13px&#8221; ul_font=&#8221;Montserrat||||||||&#8221; header_font=&#8221;Montserrat||||||||&#8221; header_text_color=&#8221;#a7716a&#8221; custom_margin=&#8221;-35px|||||&#8221; custom_padding=&#8221;20px|||||&#8221; global_colors_info=&#8221;{}&#8221;]<\/p>\n<h1 style=\"text-align: center;\">150 z\u0142 \/ h<\/h1>\n<p>&nbsp;<\/p>\n<p>[\/et_pb_text][\/et_pb_column][et_pb_column type=&#8221;1_2&#8243; _builder_version=&#8221;4.24.1&#8243; _module_preset=&#8221;default&#8221; custom_padding=&#8221;|4px||8px|false|false&#8221; border_radii=&#8221;on|40px|40px|40px|40px&#8221; border_width_all=&#8221;2px&#8221; border_color_all=&#8221;#FFFFFF&#8221; global_colors_info=&#8221;{}&#8221;][et_pb_text _builder_version=&#8221;4.24.1&#8243; _module_preset=&#8221;default&#8221; text_font=&#8221;Montserrat|300|||||||&#8221; text_font_size=&#8221;17px&#8221; header_font=&#8221;|600|||||||&#8221; header_text_color=&#8221;#a7716a&#8221; header_font_size=&#8221;23px&#8221; custom_margin=&#8221;-2px||0px||false|false&#8221; custom_padding=&#8221;19px||32px||false|false&#8221; border_radii_last_edited=&#8221;off|desktop&#8221; border_width_top_phone=&#8221;2px&#8221; border_width_top_last_edited=&#8221;off|desktop&#8221; border_width_right_tablet=&#8221;0px&#8221; border_width_right_phone=&#8221;2px&#8221; border_width_right_last_edited=&#8221;off|desktop&#8221; global_colors_info=&#8221;{}&#8221;]<\/p>\n<h1 style=\"text-align: center;\"><span style=\"font-size: 23px;\"><\/span><\/h1>\n<h1 style=\"text-align: center;\"><span style=\"font-size: 23px;\"><\/span><\/h1>\n<h1 style=\"text-align: center;\"><span style=\"font-size: 23px;\">WIZUALIZACJA<\/span><\/h1>\n<p>[\/et_pb_text][et_pb_text content_tablet=&#8221;<\/p>\n<ul>\n<li>og\u00f3lne okre\u015blenie potrzeb i preferencji klienta<\/li>\n<li>jedna lub kilka koncepcji uk\u0142adu funkcjonalnego w zale\u017cno\u015bci od wymiar\u00f3w pomieszczenia<\/li>\n<li>moodboard projektu<\/li>\n<li>2 wizualizacje pomieszcze\u0144<\/li>\n<\/ul>\n<p>Wariant nie zawiera wykonania dokumentacji technicznej w postaci rysunk\u00f3w wymiarowych widok\u00f3w \u015bcian, projektu instalacji elektrycznej, schematu instalacji wodno-kanalizacyjnej.<\/p>\n<\/p>\n<h1 style=%22text-align: center;%22>500 z\u0142 + 80 z\u0142 \/ m\u00b2<\/h1>\n<p>&#8221; content_phone=&#8221;<\/p>\n<ul>\n<li>og\u00f3lne okre\u015blenie potrzeb i preferencji klienta<\/li>\n<li>jedna lub kilka koncepcji uk\u0142adu funkcjonalnego w zale\u017cno\u015bci od wymiar\u00f3w pomieszczenia<\/li>\n<li>moodboard projektu<\/li>\n<li>2 wizualizacje pomieszcze\u0144<\/li>\n<\/ul>\n<p>Wariant nie zawiera wykonania dokumentacji technicznej w postaci rysunk\u00f3w wymiarowych widok\u00f3w \u015bcian, projektu instalacji elektrycznej, schematu instalacji wodno-kanalizacyjnej.<\/p>\n<h1 style=%22text-align: center;%22><\/h1>\n<h1 style=%22text-align: center;%22><\/h1>\n<h1 style=%22text-align: center;%22>500 z\u0142 + 80 z\u0142 \/ m\u00b2<\/h1>\n<p>&#8221; content_last_edited=&#8221;off|phone&#8221; _builder_version=&#8221;4.24.1&#8243; _module_preset=&#8221;default&#8221; text_font=&#8221;Montserrat||||||||&#8221; text_font_size=&#8221;13px&#8221; ul_font=&#8221;Montserrat||||||||&#8221; header_font=&#8221;Montserrat||||||||&#8221; header_text_color=&#8221;#a7716a&#8221; custom_margin=&#8221;-7px||32px||false|false&#8221; custom_margin_tablet=&#8221;||0px||false|false&#8221; custom_margin_phone=&#8221;||0px||false|false&#8221; custom_margin_last_edited=&#8221;on|desktop&#8221; custom_padding=&#8221;0px||3px|10px|false|false&#8221; custom_padding_tablet=&#8221;||22px|10px|false|false&#8221; custom_padding_phone=&#8221;||22px|10px|false|false&#8221; custom_padding_last_edited=&#8221;on|phone&#8221; border_color_all=&#8221;#FFFFFF&#8221; border_width_right_phone=&#8221;2px&#8221; border_width_right_last_edited=&#8221;off|phone&#8221; border_width_bottom_phone=&#8221;2px&#8221; border_width_bottom_last_edited=&#8221;off|phone&#8221; border_width_left_phone=&#8221;2px&#8221; border_width_left_last_edited=&#8221;off|phone&#8221; global_colors_info=&#8221;{}&#8221;]<\/p>\n<ul>\n<li>og\u00f3lne okre\u015blenie potrzeb i preferencji klienta<\/li>\n<li>jedna lub kilka koncepcji uk\u0142adu funkcjonalnego w zale\u017cno\u015bci od <br \/>wymiar\u00f3w pomieszczenia<\/li>\n<li>moodboard projektu<\/li>\n<li>2 wizualizacje pomieszcze\u0144<\/li>\n<\/ul>\n<p>Wariant nie zawiera wykonania dokumentacji technicznej w postaci rysunk\u00f3w wymiarowych widok\u00f3w \u015bcian, projektu instalacji elektrycznej, schematu instalacji wodno-kanalizacyjnej.<\/p>\n<p>[\/et_pb_text][et_pb_text _builder_version=&#8221;4.24.1&#8243; _module_preset=&#8221;default&#8221; text_font=&#8221;Montserrat||||||||&#8221; text_font_size=&#8221;13px&#8221; ul_font=&#8221;Montserrat||||||||&#8221; header_font=&#8221;Montserrat||||||||&#8221; header_text_color=&#8221;#a7716a&#8221; custom_margin=&#8221;-22px|||||&#8221; custom_padding=&#8221;20px|||||&#8221; global_colors_info=&#8221;{}&#8221;]<\/p>\n<h1 style=\"text-align: center;\">500 z\u0142 + 80 z\u0142 \/ m\u00b2<\/h1>\n<p>&nbsp;<\/p>\n<p>[\/et_pb_text][\/et_pb_column][\/et_pb_row][et_pb_row column_structure=&#8221;1_2,1_2&#8243; _builder_version=&#8221;4.24.1&#8243; _module_preset=&#8221;default&#8221; custom_margin=&#8221;22px|auto||auto||&#8221; custom_padding=&#8221;||10px|||&#8221; hover_enabled=&#8221;0&#8243; global_colors_info=&#8221;{}&#8221; sticky_enabled=&#8221;0&#8243;][et_pb_column type=&#8221;1_2&#8243; _builder_version=&#8221;4.24.1&#8243; _module_preset=&#8221;default&#8221; custom_padding=&#8221;0px|||1px|false|false&#8221; border_radii=&#8221;on|40px|40px|40px|40px&#8221; border_width_all=&#8221;2px&#8221; border_color_all=&#8221;#FFFFFF&#8221; global_colors_info=&#8221;{}&#8221;][et_pb_text _builder_version=&#8221;4.24.1&#8243; _module_preset=&#8221;default&#8221; text_font=&#8221;Montserrat|300|||||||&#8221; text_font_size=&#8221;17px&#8221; header_font=&#8221;|600|||||||&#8221; header_text_color=&#8221;#a7716a&#8221; header_font_size=&#8221;23px&#8221; custom_margin=&#8221;||2px|||&#8221; custom_padding=&#8221;25px||31px||false|false&#8221; global_colors_info=&#8221;{}&#8221;]<\/p>\n<h1 style=\"text-align: center;\">PROJEKT KONCEPCYJNY<\/h1>\n<p>[\/et_pb_text][et_pb_text content_tablet=&#8221;<\/p>\n<ul>\n<li>og\u00f3lne okre\u015blenie potrzeb i preferencji klienta<\/li>\n<li>jedna lub kilka koncepcji uk\u0142adu funkcjonalnego w zale\u017cno\u015bci od wymiar\u00f3w pomieszczenia<\/li>\n<li>moodboard projektu<\/li>\n<li>2 wizualizacje pomieszcze\u0144<\/li>\n<\/ul>\n<p>Wariant nie zawiera wykonania dokumentacji technicznej w postaci rysunk\u00f3w wymiarowych widok\u00f3w \u015bcian, projektu instalacji elektrycznej, schematu instalacji wodno-kanalizacyjnej.<\/p>\n<\/p>\n<h1 style=%22text-align: center;%22>500 z\u0142 + 80 z\u0142 \/ m\u00b2<\/h1>\n<p>&#8221; content_phone=&#8221;<\/p>\n<ul>\n<li>og\u00f3lne okre\u015blenie potrzeb i preferencji klienta<\/li>\n<li>jedna lub kilka koncepcji uk\u0142adu funkcjonalnego w zale\u017cno\u015bci od wymiar\u00f3w pomieszczenia<\/li>\n<li>moodboard projektu<\/li>\n<li>2 wizualizacje pomieszcze\u0144<\/li>\n<\/ul>\n<p>Wariant nie zawiera wykonania dokumentacji technicznej w postaci rysunk\u00f3w wymiarowych widok\u00f3w \u015bcian, projektu instalacji elektrycznej, schematu instalacji wodno-kanalizacyjnej.<\/p>\n<h1 style=%22text-align: center;%22><\/h1>\n<h1 style=%22text-align: center;%22><\/h1>\n<h1 style=%22text-align: center;%22>500 z\u0142 + 80 z\u0142 \/ m\u00b2<\/h1>\n<p>&#8221; content_last_edited=&#8221;off|phone&#8221; _builder_version=&#8221;4.24.1&#8243; _module_preset=&#8221;default&#8221; text_font=&#8221;Montserrat||||||||&#8221; text_font_size=&#8221;13px&#8221; ul_font=&#8221;Montserrat||||||||&#8221; header_font=&#8221;Montserrat||||||||&#8221; header_text_color=&#8221;#a7716a&#8221; custom_margin=&#8221;-7px||139px||false|false&#8221; custom_margin_tablet=&#8221;||0px||false|false&#8221; custom_margin_phone=&#8221;||0px||false|false&#8221; custom_margin_last_edited=&#8221;on|desktop&#8221; custom_padding=&#8221;0px||3px|10px|false|false&#8221; custom_padding_tablet=&#8221;0px||33px|10px|false|false&#8221; custom_padding_phone=&#8221;||22px|10px|false|false&#8221; custom_padding_last_edited=&#8221;on|phone&#8221; hover_enabled=&#8221;0&#8243; border_color_all=&#8221;#FFFFFF&#8221; border_width_right_phone=&#8221;2px&#8221; border_width_right_last_edited=&#8221;off|phone&#8221; border_width_bottom_phone=&#8221;2px&#8221; border_width_bottom_last_edited=&#8221;off|phone&#8221; border_width_left_phone=&#8221;2px&#8221; border_width_left_last_edited=&#8221;off|phone&#8221; global_colors_info=&#8221;{}&#8221; sticky_enabled=&#8221;0&#8243;]<\/p>\n<ul>\n<li>szczeg\u00f3\u0142owe okre\u015blenie potrzeb i preferencji klienta<\/li>\n<li>minimum 2 koncepcje uk\u0142adu funkcjonalnego do wyboru<\/li>\n<li>moodboard projektu<\/li>\n<li>1 wizualizacja ka\u017cdego z pomieszcze\u0144<\/li>\n<li>lista przyk\u0142adowych element\u00f3w wyposa\u017cenia<\/li>\n<\/ul>\n<p>[\/et_pb_text][et_pb_text _builder_version=&#8221;4.24.1&#8243; _module_preset=&#8221;default&#8221; text_font=&#8221;Montserrat||||||||&#8221; text_font_size=&#8221;13px&#8221; ul_font=&#8221;Montserrat||||||||&#8221; header_font=&#8221;Montserrat||||||||&#8221; header_text_color=&#8221;#a7716a&#8221; min_height=&#8221;56.8px&#8221; custom_margin=&#8221;-12px|||||&#8221; global_colors_info=&#8221;{}&#8221;]<\/p>\n<h1 style=\"text-align: center;\">800 z\u0142 + 120 z\u0142 \/ m\u00b2<\/h1>\n<p>&nbsp;<\/p>\n<p>[\/et_pb_text][\/et_pb_column][et_pb_column type=&#8221;1_2&#8243; _builder_version=&#8221;4.24.1&#8243; _module_preset=&#8221;default&#8221; custom_padding=&#8221;|4px||8px|false|false&#8221; border_radii=&#8221;on|40px|40px|40px|40px&#8221; border_width_all=&#8221;2px&#8221; border_color_all=&#8221;#FFFFFF&#8221; global_colors_info=&#8221;{}&#8221;][et_pb_text _builder_version=&#8221;4.24.1&#8243; _module_preset=&#8221;default&#8221; text_font=&#8221;Montserrat|300|||||||&#8221; text_font_size=&#8221;17px&#8221; header_font=&#8221;|600|||||||&#8221; header_text_color=&#8221;#a7716a&#8221; header_font_size=&#8221;22px&#8221; custom_margin=&#8221;||41px|||&#8221; custom_padding=&#8221;29px||||false|false&#8221; global_colors_info=&#8221;{}&#8221;]<\/p>\n<h1 style=\"text-align: center;\">PROJEKT KOMPLEKSOWY<\/h1>\n<p>[\/et_pb_text][et_pb_text content_tablet=&#8221;<\/p>\n<ul>\n<li>og\u00f3lne okre\u015blenie potrzeb i preferencji klienta<\/li>\n<li>jedna lub kilka koncepcji uk\u0142adu funkcjonalnego w zale\u017cno\u015bci od wymiar\u00f3w pomieszczenia<\/li>\n<li>moodboard projektu<\/li>\n<li>2 wizualizacje pomieszcze\u0144<\/li>\n<\/ul>\n<p>Wariant nie zawiera wykonania dokumentacji technicznej w postaci rysunk\u00f3w wymiarowych widok\u00f3w \u015bcian, projektu instalacji elektrycznej, schematu instalacji wodno-kanalizacyjnej.<\/p>\n<\/p>\n<h1 style=%22text-align: center;%22>500 z\u0142 + 80 z\u0142 \/ m\u00b2<\/h1>\n<p>&#8221; content_phone=&#8221;<\/p>\n<ul>\n<li>og\u00f3lne okre\u015blenie potrzeb i preferencji klienta<\/li>\n<li>jedna lub kilka koncepcji uk\u0142adu funkcjonalnego w zale\u017cno\u015bci od wymiar\u00f3w pomieszczenia<\/li>\n<li>moodboard projektu<\/li>\n<li>2 wizualizacje pomieszcze\u0144<\/li>\n<\/ul>\n<p>Wariant nie zawiera wykonania dokumentacji technicznej w postaci rysunk\u00f3w wymiarowych widok\u00f3w \u015bcian, projektu instalacji elektrycznej, schematu instalacji wodno-kanalizacyjnej.<\/p>\n<h1 style=%22text-align: center;%22><\/h1>\n<h1 style=%22text-align: center;%22><\/h1>\n<h1 style=%22text-align: center;%22>500 z\u0142 + 80 z\u0142 \/ m\u00b2<\/h1>\n<p>&#8221; content_last_edited=&#8221;off|phone&#8221; _builder_version=&#8221;4.24.1&#8243; _module_preset=&#8221;default&#8221; text_font=&#8221;Montserrat||||||||&#8221; text_font_size=&#8221;13px&#8221; ul_font=&#8221;Montserrat||||||||&#8221; header_font=&#8221;Montserrat||||||||&#8221; header_text_color=&#8221;#a7716a&#8221; custom_margin=&#8221;-7px||23px||false|false&#8221; custom_margin_tablet=&#8221;||0px||false|false&#8221; custom_margin_phone=&#8221;||0px||false|false&#8221; custom_margin_last_edited=&#8221;on|desktop&#8221; custom_padding=&#8221;0px||3px|10px|false|false&#8221; custom_padding_tablet=&#8221;||22px|10px|false|false&#8221; custom_padding_phone=&#8221;||22px|10px|false|false&#8221; custom_padding_last_edited=&#8221;on|phone&#8221; hover_enabled=&#8221;0&#8243; border_color_all=&#8221;#FFFFFF&#8221; border_width_right_phone=&#8221;2px&#8221; border_width_right_last_edited=&#8221;off|phone&#8221; border_width_bottom_phone=&#8221;2px&#8221; border_width_bottom_last_edited=&#8221;off|phone&#8221; border_width_left_phone=&#8221;2px&#8221; border_width_left_last_edited=&#8221;off|phone&#8221; global_colors_info=&#8221;{}&#8221; sticky_enabled=&#8221;0&#8243;]<\/p>\n<ul>\n<li>szczeg\u00f3\u0142owe okre\u015blenie potrzeb i preferencji klienta<\/li>\n<li>minimum 2 koncepcje uk\u0142adu funkcjonalnego do wyboru<\/li>\n<li>moodboard projektu<\/li>\n<li>minimum 2 wizualizacje ka\u017cdego z pomieszcze\u0144<\/li>\n<li>dokumentacja techniczna<\/li>\n<li>szczeg\u00f3\u0142owe rysunki zabudowy meblowej wykonywanej na zam\u00f3wienie \u2013 wskaz\u00f3wki dla stolarza<\/li>\n<li>szczeg\u00f3\u0142owe rysunki zabudowy kuchni<\/li>\n<li>lista przyk\u0142adowych element\u00f3w wyposa\u017cenia<\/li>\n<\/ul>\n<p>[\/et_pb_text][et_pb_text _builder_version=&#8221;4.24.1&#8243; _module_preset=&#8221;default&#8221; text_font=&#8221;Montserrat||||||||&#8221; text_font_size=&#8221;13px&#8221; ul_font=&#8221;Montserrat||||||||&#8221; header_font=&#8221;Montserrat||||||||&#8221; header_text_color=&#8221;#a7716a&#8221; min_height=&#8221;61px&#8221; custom_margin=&#8221;-7px||-17px|||&#8221; custom_padding=&#8221;||38px|||&#8221; global_colors_info=&#8221;{}&#8221;]<\/p>\n<h1 style=\"text-align: center;\">1000 z\u0142 + 180 z\u0142 \/ m\u00b2<\/h1>\n<p>[\/et_pb_text][\/et_pb_column][\/et_pb_row][et_pb_row _builder_version=&#8221;4.24.1&#8243; _module_preset=&#8221;default&#8221; global_colors_info=&#8221;{}&#8221;][et_pb_column type=&#8221;4_4&#8243; _builder_version=&#8221;4.24.1&#8243; _module_preset=&#8221;default&#8221; global_colors_info=&#8221;{}&#8221;][et_pb_text _builder_version=&#8221;4.24.1&#8243; _module_preset=&#8221;default&#8221; text_font=&#8221;Montserrat||||||||&#8221; text_font_size=&#8221;10px&#8221; text_line_height=&#8221;1em&#8221; global_colors_info=&#8221;{}&#8221;]<\/p>\n<p>Ostateczna cena jest zale\u017cna od wielko\u015bci projektowanego pomieszczenia lub obiektu.<\/p>\n<p>Inwentaryzacja stanu zastanego podlega indywidualnej wycenie.<\/p>\n<p>[\/et_pb_text][\/et_pb_column][\/et_pb_row][\/et_pb_section]<\/p>\n","protected":false},"excerpt":{"rendered":"<p>WSP\u00d3\u0141PRACAWSP\u00d3\u0141PRACADOKUMENTACJAREALIZACJASKONTAKTUJ SI\u0118 SPOTKANIE PROJEKTOWE spotkanie online lub stacjonarnie w salonie MaxFliz w Warszawie, maj\u0105ce na calu wypracowanie og\u00f3lnej koncepcji wn\u0119trza praca na przes\u0142anych wcze\u015bniej rzutach pomieszczenia i inspiracjach podczas spotkania mo\u017cemy om\u00f3wi\u0107 zar\u00f3wno kwestie uk\u0142adu funkcjonalnego, jak i stylistyki oraz doboru materia\u0142\u00f3w wyko\u0144czeniowych spotkanie podsumowuj\u0119 przes\u0142aniem notatki oraz szkic\u00f3w, obrazuj\u0105cych wybran\u0105 koncepcj\u0119 150 z\u0142 \/ [&hellip;]<\/p>\n","protected":false},"author":1,"featured_media":0,"parent":0,"menu_order":0,"comment_status":"closed","ping_status":"closed","template":"page-template-blank.php","meta":{"_et_pb_use_builder":"on","_et_pb_old_content":"","_et_gb_content_width":"","inline_featured_image":false,"footnotes":""},"class_list":["post-17","page","type-page","status-publish","hentry"],"_links":{"self":[{"href":"https:\/\/mariawieczorek.com\/wspolpraca\/wp-json\/wp\/v2\/pages\/17","targetHints":{"allow":["GET"]}}],"collection":[{"href":"https:\/\/mariawieczorek.com\/wspolpraca\/wp-json\/wp\/v2\/pages"}],"about":[{"href":"https:\/\/mariawieczorek.com\/wspolpraca\/wp-json\/wp\/v2\/types\/page"}],"author":[{"embeddable":true,"href":"https:\/\/mariawieczorek.com\/wspolpraca\/wp-json\/wp\/v2\/users\/1"}],"replies":[{"embeddable":true,"href":"https:\/\/mariawieczorek.com\/wspolpraca\/wp-json\/wp\/v2\/comments?post=17"}],"version-history":[{"count":41,"href":"https:\/\/mariawieczorek.com\/wspolpraca\/wp-json\/wp\/v2\/pages\/17\/revisions"}],"predecessor-version":[{"id":234183,"href":"https:\/\/mariawieczorek.com\/wspolpraca\/wp-json\/wp\/v2\/pages\/17\/revisions\/234183"}],"wp:attachment":[{"href":"https:\/\/mariawieczorek.com\/wspolpraca\/wp-json\/wp\/v2\/media?parent=17"}],"curies":[{"name":"wp","href":"https:\/\/api.w.org\/{rel}","templated":true}]}}